{"id":16711,"date":"2019-09-17T10:36:40","date_gmt":"2019-09-17T09:36:40","guid":{"rendered":"http:\/\/www.supertabory.sk\/?page_id=16711"},"modified":"2019-10-24T09:04:14","modified_gmt":"2019-10-24T08:04:14","slug":"sampovia-a-strasidla","status":"publish","type":"page","link":"https:\/\/www.supertabory.sk\/index.php\/sampovia-a-strasidla\/","title":{"rendered":"Sampovia a stra\u0161idl\u00e1"},"content":{"rendered":"<div class=\"wpb-content-wrapper\"><p>[vc_row css_animation=&#8220;&#8220; row_type=&#8220;row&#8220; use_row_as_full_screen_section=&#8220;no&#8220; type=&#8220;full_width&#8220; angled_section=&#8220;no&#8220; text_align=&#8220;left&#8220; background_image_as_pattern=&#8220;without_pattern&#8220;][vc_column][vc_column_text]<\/p>\n<h2><span style=\"color: #f92f2f;\">Sampovia a stra\u0161idl\u00e1 &#8211; jesenn\u00fd denn\u00fd t\u00e1bor<br \/>\n<\/span><\/h2>\n<p>[\/vc_column_text][vc_empty_space height=&#8220;22px&#8220;][vc_column_text]<\/p>\n<p style=\"text-align: justify;\"><strong>Harry Potter de\u0148 a \u010darodejn\u00edcky Z\u00e1mok <img loading=\"lazy\" decoding=\"async\" class=\"size-medium wp-image-16712 alignleft\" src=\"http:\/\/www.supertabory.sk\/wp-content\/uploads\/2019\/09\/sampovia-a-strasidla-500x500-300x300.jpg\" alt=\"\" width=\"300\" height=\"300\" srcset=\"https:\/\/www.supertabory.sk\/wp-content\/uploads\/2019\/09\/sampovia-a-strasidla-500x500-300x300.jpg 300w, https:\/\/www.supertabory.sk\/wp-content\/uploads\/2019\/09\/sampovia-a-strasidla-500x500-100x100.jpg 100w, https:\/\/www.supertabory.sk\/wp-content\/uploads\/2019\/09\/sampovia-a-strasidla-500x500-150x150.jpg 150w, https:\/\/www.supertabory.sk\/wp-content\/uploads\/2019\/09\/sampovia-a-strasidla-500x500.jpg 500w\" sizes=\"auto, (max-width: 300px) 100vw, 300px\" \/>Schloss Hof &#8230;<\/strong><\/p>\n<p style=\"text-align: justify;\">Prin\u00e1\u0161ame v\u00e1m dvojd\u0148ov\u00fd detsk\u00fd denn\u00fd t\u00e1bor po\u010das jesenn\u00fdch pr\u00e1zdnin Sampovia a stra\u0161idl\u00e1. Prv\u00fd de\u0148 str\u00e1via deti v Academii Universum, kde n\u00e1s \u010dak\u00e1 \u010darodejn\u00edcky b\u00e1l v mask\u00e1ch, v\u00fdroba Rokfortsk\u00fdch odznakov, ozdobovanie tekv\u00edc, v\u00fdroba slizolinskej n\u00e1tierky, s\u00fa\u0165a\u017ee a kv\u00edz Harry Potter. Druh\u00fd de\u0148 sa vyberieme na v\u00fdlet na Z\u00e1mok Schloss Hof, kde za\u017eijeme prehliadku pln\u00fa duchov d\u00e1vnych rytierov a princezien, bosor\u00e1cku kuchy\u0148u, pivnicu pln\u00fa netopierov a pavu\u010d\u00edn, stra\u0161ideln\u00e9 tvoriv\u00e9 a dielne a \u0161minkovanie s bosorkami.<\/p>\n<p>[\/vc_column_text][vc_empty_space][\/vc_column][\/vc_row][vc_row css_animation=&#8220;&#8220; row_type=&#8220;row&#8220; use_row_as_full_screen_section=&#8220;no&#8220; type=&#8220;full_width&#8220; angled_section=&#8220;no&#8220; text_align=&#8220;left&#8220; background_image_as_pattern=&#8220;without_pattern&#8220;][vc_column]<div class='q_icon_with_title medium circle '><div class=\"icon_holder \" style=\" \"><span data-icon-type=\"circle\"   class=\"qode_iwt_icon_holder fa-stack fa-3x  \" style=\"background-color: #f92f2f;\"><i class=\"qode_icon_font_awesome fa fa-smile-o qode_iwt_icon_element\" style=\"color: #ffffff;\" ><\/i><\/span><\/div><div class=\"icon_text_holder\" style=\"\"><div class=\"icon_text_inner\" style=\"\"><h5 class=\"icon_title\" style=\"color: #3d3d3d;\">Zaru\u010dujeme<\/h5><p style=''>Sk\u00fasen\u00fdch a kvalifikovan\u00fdch in\u0161truktorov. Bohat\u00fd program, nov\u00e9 z\u00e1\u017eitky, z\u00e1bavn\u00e9 hry a nov\u00fdch kamar\u00e1tov. Desiatu\/obed\/olovrant\/pitn\u00fd re\u017eim.<\/p><\/div><\/div><\/div><div class='q_icon_with_title medium circle '><div class=\"icon_holder \" style=\" \"><span data-icon-type=\"circle\"   class=\"qode_iwt_icon_holder fa-stack fa-3x  \" style=\"background-color: #f92f2f;\"><i class=\"qode_icon_font_awesome fa fa-calendar-check-o qode_iwt_icon_element\" style=\"color: #ffffff;\" ><\/i><\/span><\/div><div class=\"icon_text_holder\" style=\"\"><div class=\"icon_text_inner\" style=\"\"><h5 class=\"icon_title\" style=\"color: #3d3d3d;\">Vek<\/h5><p style=''>6 - 12 rokov<\/p><\/div><\/div><\/div>[vc_empty_space height=&#8220;12px&#8220;]<div class='q_icon_with_title medium circle '><div class=\"icon_holder \" style=\" \"><span data-icon-type=\"circle\"   class=\"qode_iwt_icon_holder fa-stack fa-3x  \" style=\"background-color: #f92f2f;\"><i class=\"qode_icon_font_awesome fa fa-clock-o qode_iwt_icon_element\" style=\"color: #ffffff;\" ><\/i><\/span><\/div><div class=\"icon_text_holder\" style=\"\"><div class=\"icon_text_inner\" style=\"\"><h5 class=\"icon_title\" style=\"color: #3d3d3d;\">\u010cas t\u00e1bora<\/h5><p style=''>8:00-16:00\/16:30 hod.<\/p><\/div><\/div><\/div>[vc_empty_space height=&#8220;12px&#8220;]<div class='q_icon_with_title medium circle '><div class=\"icon_holder \" style=\" \"><span data-icon-type=\"circle\"   class=\"qode_iwt_icon_holder fa-stack fa-3x  \" style=\"background-color: #f92f2f;\"><i class=\"qode_icon_font_awesome fa fa-eur qode_iwt_icon_element\" style=\"color: #ffffff;\" ><\/i><\/span><\/div><div class=\"icon_text_holder\" style=\"\"><div class=\"icon_text_inner\" style=\"\"><h5 class=\"icon_title\" style=\"color: #3d3d3d;\">Cena<\/h5><p style=''>55 \u20ac\/ 2 dni<\/p><a itemprop='url' class='icon_with_title_link' href=' ' target='_self' style=''> <\/a><\/div><\/div><\/div>[vc_column_text]<\/p>\n<p style=\"padding-left: 120px;\">Zahrnut\u00e9 v\u00a0cene: Academia Universum \/ program \/ v\u00fdlet na Z\u00e1mok Schlosshof \/ doprava MHD \/ kvalifikovan\u00ed in\u0161truktori \/ desiata \/ obed \/ olovrant \/ pitn\u00fd re\u017eim<\/p>\n<p>[\/vc_column_text][vc_empty_space height=&#8220;12px&#8220;]<div class='q_icon_with_title medium circle '><div class=\"icon_holder \" style=\" \"><span data-icon-type=\"circle\"   class=\"qode_iwt_icon_holder fa-stack fa-3x  \" style=\"background-color: #f92f2f;\"><i class=\"qode_icon_font_awesome fa fa-home qode_iwt_icon_element\" style=\"color: #ffffff;\" ><\/i><\/span><\/div><div class=\"icon_text_holder\" style=\"\"><div class=\"icon_text_inner\" style=\"\"><h5 class=\"icon_title\" style=\"color: #3d3d3d;\">Miesto stretnutia a odovzdania det\u00ed<\/h5><p style=''>Academia Universum, Mlynsk\u00e9 Nivy 34, Bratislava<\/p><a itemprop='url' class='icon_with_title_link' href=' ' target='_self' style=''> <\/a><\/div><\/div><\/div>[\/vc_column][\/vc_row][vc_row css_animation=&#8220;&#8220; row_type=&#8220;row&#8220; use_row_as_full_screen_section=&#8220;no&#8220; type=&#8220;full_width&#8220; angled_section=&#8220;no&#8220; text_align=&#8220;left&#8220; background_image_as_pattern=&#8220;without_pattern&#8220;][vc_column][vc_empty_space][vc_column_text]<\/p>\n<h4>PROGRAM<\/h4>\n<p>[\/vc_column_text][\/vc_column][\/vc_row][vc_row css_animation=&#8220;&#8220; row_type=&#8220;row&#8220; use_row_as_full_screen_section=&#8220;no&#8220; type=&#8220;full_width&#8220; angled_section=&#8220;no&#8220; text_align=&#8220;left&#8220; background_image_as_pattern=&#8220;without_pattern&#8220;][vc_column][vc_separator type=&#8220;normal&#8220; color=&#8220;#f92f2f&#8220;][\/vc_column][\/vc_row][vc_row css_animation=&#8220;&#8220; row_type=&#8220;row&#8220; use_row_as_full_screen_section=&#8220;no&#8220; type=&#8220;full_width&#8220; angled_section=&#8220;no&#8220; text_align=&#8220;left&#8220; background_image_as_pattern=&#8220;without_pattern&#8220;][vc_column][vc_column_text]<\/p>\n<ol>\n<li><strong>DE\u0147 \u2013 Harry Potter de\u0148 v Academii Universum &#8211; <\/strong>Prv\u00fd de\u0148 si u\u017eijeme z\u00e1bavn\u00fd program v t\u00e9me Harry Potter. Deti si m\u00f4\u017eu prinies\u0165 masky alebo ak\u00e9ko\u013evek tematick\u00e9 oble\u010denie. Obed si d\u00e1me v ne\u010falekej kant\u00edne \u0160estka.<\/li>\n<li><strong>DE\u0147 \u2013<\/strong> <b><b>Z\u00e1mok Schloss Hof &#8211; <\/b><\/b>Druh\u00fd de\u0148 n\u00e1s \u010dak\u00e1 v\u00fdlet na \u010darovn\u00fd Z\u00e1mok Schloss Hof, kde n\u00e1s \u010dak\u00e1 p\u00fatav\u00fd stra\u0161ideln\u00fd program a kopec z\u00e1bavy. Na obed si d\u00e1me pizzu.<\/li>\n<\/ol>\n<p>[\/vc_column_text][vc_empty_space][vc_column_text]<\/p>\n<h4>TURNUS<\/h4>\n<p>[\/vc_column_text][vc_separator type=&#8220;normal&#8220; color=&#8220;#f92f2f&#8220;][vc_column_text]<strong>30.10.2019 \u2013 31.10.2019 \u00a0 <\/strong>Obsadenos\u0165:<strong>\u00a0 <span style=\"color: #99cc00;\"><span style=\"color: #ff0000;\"><span style=\"color: #99cc00;\"><span style=\"color: #ff0000;\">IIIIIIIIIIIIIIIIIIII<\/span><\/span>\u00a0 OBSADEN\u00c9<\/span><\/span><\/strong>[\/vc_column_text][vc_empty_space][\/vc_column][\/vc_row][vc_row css_animation=&#8220;&#8220; row_type=&#8220;row&#8220; use_row_as_full_screen_section=&#8220;no&#8220; type=&#8220;full_width&#8220; angled_section=&#8220;no&#8220; text_align=&#8220;left&#8220; background_image_as_pattern=&#8220;without_pattern&#8220;][vc_column][vc_column_text]Ak by V\u00e1m ch\u00fdbali \u010fal\u0161ie inform\u00e1cie, nap\u00ed\u0161te n\u00e1m na adresu: <a href=\"mailto:lucia@sampaevents.sk\">lucia@sampaevents.sk<\/a>. In\u0161trukcie na t\u00e1bor V\u00e1m za\u0161leme po prihl\u00e1sen\u00ed die\u0165a\u0165a na t\u00e1bor.[\/vc_column_text][vc_empty_space][\/vc_column][\/vc_row][vc_row css_animation=&#8220;&#8220; row_type=&#8220;row&#8220; use_row_as_full_screen_section=&#8220;no&#8220; type=&#8220;full_width&#8220; angled_section=&#8220;no&#8220; text_align=&#8220;left&#8220; background_image_as_pattern=&#8220;without_pattern&#8220;][vc_column]<a  itemprop=\"url\" href=\"http:\/\/www.supertabory.sk\/index.php\/prihlaska-jesenny-tabor\/\" target=\"_self\"  class=\"qbutton  big_large_full_width center default\" style=\"\">PRIHL\u00c1\u0160KA<\/a>[\/vc_column][\/vc_row][vc_row css_animation=&#8220;&#8220; row_type=&#8220;row&#8220; use_row_as_full_screen_section=&#8220;no&#8220; type=&#8220;full_width&#8220; angled_section=&#8220;no&#8220; text_align=&#8220;left&#8220; background_image_as_pattern=&#8220;without_pattern&#8220;][vc_column][vc_empty_space height=&#8220;52px&#8220;][\/vc_column][\/vc_row]<\/p>\n<\/div>","protected":false},"excerpt":{"rendered":"<p>[vc_row css_animation=&#8220;&#8220; row_type=&#8220;row&#8220; use_row_as_full_screen_section=&#8220;no&#8220; type=&#8220;full_width&#8220; angled_section=&#8220;no&#8220; text_align=&#8220;left&#8220; background_image_as_pattern=&#8220;without_pattern&#8220;][vc_column][vc_column_text] Sampovia a stra\u0161idl\u00e1 &#8211; jesenn\u00fd denn\u00fd t\u00e1bor [\/vc_column_text][vc_empty_space height=&#8220;22px&#8220;][vc_column_text] Harry Potter de\u0148 a \u010darodejn\u00edcky Z\u00e1mok Schloss Hof &#8230; Prin\u00e1\u0161ame v\u00e1m dvojd\u0148ov\u00fd detsk\u00fd denn\u00fd t\u00e1bor po\u010das jesenn\u00fdch pr\u00e1zdnin Sampovia a stra\u0161idl\u00e1. Prv\u00fd de\u0148 str\u00e1via deti v Academii Universum,&#8230;<\/p>\n","protected":false},"author":1,"featured_media":0,"parent":0,"menu_order":0,"comment_status":"closed","ping_status":"closed","template":"","meta":{"footnotes":""},"class_list":["post-16711","page","type-page","status-publish","hentry"],"_links":{"self":[{"href":"https:\/\/www.supertabory.sk\/index.php\/wp-json\/wp\/v2\/pages\/16711","targetHints":{"allow":["GET"]}}],"collection":[{"href":"https:\/\/www.supertabory.sk\/index.php\/wp-json\/wp\/v2\/pages"}],"about":[{"href":"https:\/\/www.supertabory.sk\/index.php\/wp-json\/wp\/v2\/types\/page"}],"author":[{"embeddable":true,"href":"https:\/\/www.supertabory.sk\/index.php\/wp-json\/wp\/v2\/users\/1"}],"replies":[{"embeddable":true,"href":"https:\/\/www.supertabory.sk\/index.php\/wp-json\/wp\/v2\/comments?post=16711"}],"version-history":[{"count":0,"href":"https:\/\/www.supertabory.sk\/index.php\/wp-json\/wp\/v2\/pages\/16711\/revisions"}],"wp:attachment":[{"href":"https:\/\/www.supertabory.sk\/index.php\/wp-json\/wp\/v2\/media?parent=16711"}],"curies":[{"name":"wp","href":"https:\/\/api.w.org\/{rel}","templated":true}]}}