{"id":15763,"date":"2018-02-16T20:45:38","date_gmt":"2018-02-16T20:45:38","guid":{"rendered":"http:\/\/www.supertabory.sk\/?page_id=15763"},"modified":"2019-02-07T13:22:56","modified_gmt":"2019-02-07T12:22:56","slug":"detske-oslavy","status":"publish","type":"page","link":"https:\/\/www.supertabory.sk\/index.php\/detske-oslavy\/","title":{"rendered":"Detsk\u00e9 oslavy"},"content":{"rendered":"<div class=\"wpb-content-wrapper\"><p>[vc_row css_animation=&#8220;&#8220; row_type=&#8220;row&#8220; use_row_as_full_screen_section=&#8220;no&#8220; type=&#8220;full_width&#8220; angled_section=&#8220;no&#8220; text_align=&#8220;left&#8220; background_image_as_pattern=&#8220;without_pattern&#8220;][vc_column][vc_column_text]<\/p>\n<h3 style=\"text-align: center;\">Detsk\u00e9 oslavy<\/h3>\n<p>[\/vc_column_text][vc_empty_space][\/vc_column][\/vc_row][vc_row css_animation=&#8220;&#8220; row_type=&#8220;row&#8220; use_row_as_full_screen_section=&#8220;no&#8220; type=&#8220;full_width&#8220; angled_section=&#8220;no&#8220; text_align=&#8220;left&#8220; background_image_as_pattern=&#8220;without_pattern&#8220;][vc_column][vc_empty_space][\/vc_column][\/vc_row][vc_row css_animation=&#8220;&#8220; row_type=&#8220;row&#8220; use_row_as_full_screen_section=&#8220;no&#8220; type=&#8220;full_width&#8220; angled_section=&#8220;no&#8220; text_align=&#8220;left&#8220; background_image_as_pattern=&#8220;without_pattern&#8220;][vc_column][vc_column_text]<\/p>\n<p style=\"text-align: justify;\"><strong><img loading=\"lazy\" decoding=\"async\" class=\"alignnone size-medium wp-image-15779 alignleft\" src=\"http:\/\/www.supertabory.sk\/wp-content\/uploads\/2018\/02\/Detsk\u00e9-oslavy-300x300.jpg\" alt=\"\" width=\"300\" height=\"300\" srcset=\"https:\/\/www.supertabory.sk\/wp-content\/uploads\/2018\/02\/Detsk\u00e9-oslavy-300x300.jpg 300w, https:\/\/www.supertabory.sk\/wp-content\/uploads\/2018\/02\/Detsk\u00e9-oslavy-100x100.jpg 100w, https:\/\/www.supertabory.sk\/wp-content\/uploads\/2018\/02\/Detsk\u00e9-oslavy-150x150.jpg 150w, https:\/\/www.supertabory.sk\/wp-content\/uploads\/2018\/02\/Detsk\u00e9-oslavy-768x768.jpg 768w, https:\/\/www.supertabory.sk\/wp-content\/uploads\/2018\/02\/Detsk\u00e9-oslavy-570x570.jpg 570w, https:\/\/www.supertabory.sk\/wp-content\/uploads\/2018\/02\/Detsk\u00e9-oslavy-500x500.jpg 500w, https:\/\/www.supertabory.sk\/wp-content\/uploads\/2018\/02\/Detsk\u00e9-oslavy-700x700.jpg 700w, https:\/\/www.supertabory.sk\/wp-content\/uploads\/2018\/02\/Detsk\u00e9-oslavy-600x600.jpg 600w, https:\/\/www.supertabory.sk\/wp-content\/uploads\/2018\/02\/Detsk\u00e9-oslavy.jpg 800w\" sizes=\"auto, (max-width: 300px) 100vw, 300px\" \/>Chcete pre svojich najmen\u0161\u00edch zorganizova\u0165 detsk\u00fa narodeninov\u00fa oslavu?<\/strong><\/p>\n<p style=\"text-align: justify;\">Zverte sa n\u00e1m do r\u00fak a nechajte v\u0161etko na n\u00e1s. Zist\u00edme, \u010do m\u00e1 Va\u0161e die\u0165a rado a spolu s nami sa tak m\u00f4\u017eete ponori\u0165 do rozpr\u00e1vkov\u00e9ho pr\u00edbehu, kde stretnete svoje ob\u013e\u00faben\u00e9 postavi\u010dky a za\u017eijete program, kde detsk\u00e9 du\u0161i\u010dky plesaj\u00fa a o\u010dk\u00e1 sa\u00a0raduj\u00fa :-).<\/p>\n<p style=\"text-align: justify;\">P\u00e1rty pln\u00e1 z\u00e1bavy, detsk\u00fdch s\u00fa\u0165a\u017e\u00ed, hier, r\u00f4znorod\u00e9ho programu, chutn\u00e9ho ob\u010derstvenia\u00a0\u010dak\u00e1 pr\u00e1ve na v\u00e1s. S\u00fa\u010das\u0165ou toho v\u0161etk\u00e9ho s\u00fa na\u0161i \u0161ikovn\u00ed anim\u00e1tori a samozrejme miesto, ktor\u00e9 dotvor\u00ed t\u00fa spr\u00e1vnu atmosf\u00e9ru pre v\u00e1\u0161 pr\u00edbeh.<\/p>\n<p>&nbsp;<\/p>\n<p style=\"text-align: justify;\">Medzi va\u0161e najob\u013e\u00fabenej\u0161ie patria:<\/p>\n<p style=\"text-align: justify;\"><span class=\"Unicode\">\u2661<\/span> <strong>NA FARME S KON\u00cdKMI<\/strong> <span class=\"Unicode\">\u2661<\/span> <strong>OPI\u010cIA DR\u00c1HA<\/strong> <span class=\"Unicode\">\u2661<\/span> <strong>Z ROZPR\u00c1VKY DO ROZPR\u00c1VKY<\/strong> <span class=\"Unicode\">\u2661<\/span> <strong>\u017dIVOT PRINCEZIEN<\/strong> <span class=\"Unicode\">\u2661<\/span> <strong>\u0160IKOVN\u00c9 RU\u010cI\u010cKY<\/strong> <span class=\"Unicode\">\u2661<\/span> <strong>MAL\u00cd BOJOVN\u00cdCI\/VOJACI<\/strong> <span class=\"Unicode\">\u2661 <\/span><strong>ODV\u00c1\u017dNI PIR\u00c1TI<\/strong> <span class=\"Unicode\">\u2661<\/span><strong> INDI\u00c1NSKE DOBRODRU\u017dSTVO<\/strong> <span class=\"Unicode\">\u2661<\/span> <strong>HARRY POTTER<\/strong> <span class=\"Unicode\">\u2661<\/span> <strong>MAL\u00cd PRETEK\u00c1RI<\/strong> <span class=\"Unicode\">\u2661 <strong>LEGO<\/strong> \u2661<br \/>\n<\/span><\/p>\n<p>&nbsp;<\/p>\n<p style=\"text-align: justify;\">Ka\u017ed\u00e1 oslava je in\u00e1, a preto n\u00e1s\u00a0nev\u00e1hajte oslovi\u0165. Radi V\u00e1m vypracujeme cenov\u00fa ponuku za prijate\u013en\u00e9 ceny.<\/p>\n<p>[\/vc_column_text][vc_empty_space][vc_gallery type=&#8220;image_grid&#8220; images=&#8220;15843,15842,15841,15836,15839,15837,16316,15834,15833,15838,15831,15848&#8243; column_number=&#8220;6&#8243; grayscale=&#8220;no&#8220; images_space=&#8220;gallery_without_space&#8220;][vc_empty_space height=&#8220;52px&#8220;][\/vc_column][\/vc_row]<\/p>\n<\/div>","protected":false},"excerpt":{"rendered":"<p>[vc_row css_animation=&#8220;&#8220; row_type=&#8220;row&#8220; use_row_as_full_screen_section=&#8220;no&#8220; type=&#8220;full_width&#8220; angled_section=&#8220;no&#8220; text_align=&#8220;left&#8220; background_image_as_pattern=&#8220;without_pattern&#8220;][vc_column][vc_column_text] Detsk\u00e9 oslavy [\/vc_column_text][vc_empty_space][\/vc_column][\/vc_row][vc_row css_animation=&#8220;&#8220; row_type=&#8220;row&#8220; use_row_as_full_screen_section=&#8220;no&#8220; type=&#8220;full_width&#8220; angled_section=&#8220;no&#8220; text_align=&#8220;left&#8220; background_image_as_pattern=&#8220;without_pattern&#8220;][vc_column][vc_empty_space][\/vc_column][\/vc_row][vc_row css_animation=&#8220;&#8220; row_type=&#8220;row&#8220; use_row_as_full_screen_section=&#8220;no&#8220; type=&#8220;full_width&#8220; angled_section=&#8220;no&#8220; text_align=&#8220;left&#8220; background_image_as_pattern=&#8220;without_pattern&#8220;][vc_column][vc_column_text] Chcete pre svojich najmen\u0161\u00edch zorganizova\u0165 detsk\u00fa narodeninov\u00fa oslavu? Zverte sa n\u00e1m do r\u00fak a nechajte v\u0161etko na n\u00e1s. Zist\u00edme, \u010do&#8230;<\/p>\n","protected":false},"author":1,"featured_media":0,"parent":0,"menu_order":0,"comment_status":"closed","ping_status":"closed","template":"","meta":{"footnotes":""},"class_list":["post-15763","page","type-page","status-publish","hentry"],"_links":{"self":[{"href":"https:\/\/www.supertabory.sk\/index.php\/wp-json\/wp\/v2\/pages\/15763","targetHints":{"allow":["GET"]}}],"collection":[{"href":"https:\/\/www.supertabory.sk\/index.php\/wp-json\/wp\/v2\/pages"}],"about":[{"href":"https:\/\/www.supertabory.sk\/index.php\/wp-json\/wp\/v2\/types\/page"}],"author":[{"embeddable":true,"href":"https:\/\/www.supertabory.sk\/index.php\/wp-json\/wp\/v2\/users\/1"}],"replies":[{"embeddable":true,"href":"https:\/\/www.supertabory.sk\/index.php\/wp-json\/wp\/v2\/comments?post=15763"}],"version-history":[{"count":0,"href":"https:\/\/www.supertabory.sk\/index.php\/wp-json\/wp\/v2\/pages\/15763\/revisions"}],"wp:attachment":[{"href":"https:\/\/www.supertabory.sk\/index.php\/wp-json\/wp\/v2\/media?parent=15763"}],"curies":[{"name":"wp","href":"https:\/\/api.w.org\/{rel}","templated":true}]}}