{"id":15620,"date":"2019-01-09T18:23:43","date_gmt":"2019-01-09T17:23:43","guid":{"rendered":"http:\/\/www.supertabory.sk\/?page_id=15620"},"modified":"2019-02-22T12:26:10","modified_gmt":"2019-02-22T11:26:10","slug":"sampovia-na-potulkach","status":"publish","type":"page","link":"https:\/\/www.supertabory.sk\/index.php\/sampovia-na-potulkach\/","title":{"rendered":"Sampovia na potulk\u00e1ch"},"content":{"rendered":"<div class=\"wpb-content-wrapper\"><p>[vc_row css_animation=&#8220;&#8220; row_type=&#8220;row&#8220; use_row_as_full_screen_section=&#8220;no&#8220; type=&#8220;full_width&#8220; angled_section=&#8220;no&#8220; text_align=&#8220;left&#8220; background_image_as_pattern=&#8220;without_pattern&#8220;][vc_column][vc_column_text]<\/p>\n<h2><span style=\"color: #f92f2f;\">Sampovia na potulk\u00e1ch &#8211; jarn\u00fd denn\u00fd t\u00e1bor<br \/>\n<\/span><\/h2>\n<p>[\/vc_column_text][vc_empty_space height=&#8220;22px&#8220;][vc_column_text]<\/p>\n<p style=\"text-align: justify;\"><img loading=\"lazy\" decoding=\"async\" class=\"size-medium wp-image-16258 alignleft\" src=\"http:\/\/www.supertabory.sk\/wp-content\/uploads\/2018\/02\/lego-300x300.jpg\" alt=\"\" width=\"300\" height=\"300\" srcset=\"https:\/\/www.supertabory.sk\/wp-content\/uploads\/2018\/02\/lego-300x300.jpg 300w, https:\/\/www.supertabory.sk\/wp-content\/uploads\/2018\/02\/lego-100x100.jpg 100w, https:\/\/www.supertabory.sk\/wp-content\/uploads\/2018\/02\/lego-150x150.jpg 150w, https:\/\/www.supertabory.sk\/wp-content\/uploads\/2018\/02\/lego-768x768.jpg 768w, https:\/\/www.supertabory.sk\/wp-content\/uploads\/2018\/02\/lego-570x570.jpg 570w, https:\/\/www.supertabory.sk\/wp-content\/uploads\/2018\/02\/lego-500x500.jpg 500w, https:\/\/www.supertabory.sk\/wp-content\/uploads\/2018\/02\/lego-700x700.jpg 700w, https:\/\/www.supertabory.sk\/wp-content\/uploads\/2018\/02\/lego-600x600.jpg 600w, https:\/\/www.supertabory.sk\/wp-content\/uploads\/2018\/02\/lego.jpg 800w\" sizes=\"auto, (max-width: 300px) 100vw, 300px\" \/><strong>\u010carovn\u00fd z\u00e1mok, animoterapia, farm\u00e1r\u010denie, hra na cukr\u00e1rov, h\u013eadanie pokladu, z\u00e1bavn\u00e9 hry a tvoriv\u00e9 dielni\u010dky<\/strong><strong> \u2026<\/strong><\/p>\n<p style=\"text-align: justify;\">Jarn\u00fd t\u00e1bor n\u00e1m onedlho zaklope na dvere, tak\u017ee budeme radi, ke\u010f sa spolu s\u00a0de\u0165mi vyberieme na spolo\u010dn\u00e9 potulky. Na deti \u010dak\u00e1 nov\u00fd p\u00fatav\u00fd a\u00a0zauj\u00edmav\u00fd program, kde za\u017eij\u00fa z\u00a0ka\u017ed\u00e9ho ro\u017eka tro\u0161ka. Nau\u010d\u00edme ich ako sa ozdobuj\u00fa party cupcakes kr\u00e9mom, ako vymodelova\u0165 mil\u00e9 postavi\u010dky a\u00a0kvietky z\u00a0fond\u00e1nu, nau\u010d\u00edme sa farm\u00e1r\u010di\u0165, spozn\u00e1me a\u00a0postar\u00e1me sa o\u00a0zvieratk\u00e1, spozn\u00e1me \u017eivot na z\u00e1mku a\u00a0za\u017eijeme kr\u00e1\u013eovsk\u00e9 tvoriv\u00e9 dielni\u010dky, vyrob\u00edme l\u00edzanky a z\u00e1bavn\u00e9 hry a\u00a0obrie LEGO si u\u017eijeme v\u00a0Academii Universum. Zimn\u00e9 hry si u\u017eijeme v\u00a0Kidshouse a\u00a0ind\u00edcie n\u00e1s doved\u00fa ku ka\u0161tie\u013eu, kde je\u00a0ukryt\u00fd poklad.<\/p>\n<p>[\/vc_column_text][vc_empty_space][\/vc_column][\/vc_row][vc_row css_animation=&#8220;&#8220; row_type=&#8220;row&#8220; use_row_as_full_screen_section=&#8220;no&#8220; type=&#8220;full_width&#8220; angled_section=&#8220;no&#8220; text_align=&#8220;left&#8220; background_image_as_pattern=&#8220;without_pattern&#8220;][vc_column]<div class='q_icon_with_title medium circle '><div class=\"icon_holder \" style=\" \"><span data-icon-type=\"circle\"   class=\"qode_iwt_icon_holder fa-stack fa-3x  \" style=\"background-color: #f92f2f;\"><i class=\"qode_icon_font_awesome fa fa-smile-o qode_iwt_icon_element\" style=\"color: #ffffff;\" ><\/i><\/span><\/div><div class=\"icon_text_holder\" style=\"\"><div class=\"icon_text_inner\" style=\"\"><h5 class=\"icon_title\" style=\"color: #3d3d3d;\">Zaru\u010dujeme<\/h5><p style=''>Sk\u00fasen\u00fdch a kvalifikovan\u00fdch in\u0161truktorov. Bohat\u00fd program, zauj\u00edmav\u00e9 v\u00fdlety a nov\u00e9 z\u00e1\u017eitky, z\u00e1bavn\u00e9 hry a nov\u00fdch kamar\u00e1tov. Desiatu\/tepl\u00fd obed\/olovrant\/pitn\u00fd re\u017eim.<\/p><\/div><\/div><\/div><div class='q_icon_with_title medium circle '><div class=\"icon_holder \" style=\" \"><span data-icon-type=\"circle\"   class=\"qode_iwt_icon_holder fa-stack fa-3x  \" style=\"background-color: #f92f2f;\"><i class=\"qode_icon_font_awesome fa fa-calendar-check-o qode_iwt_icon_element\" style=\"color: #ffffff;\" ><\/i><\/span><\/div><div class=\"icon_text_holder\" style=\"\"><div class=\"icon_text_inner\" style=\"\"><h5 class=\"icon_title\" style=\"color: #3d3d3d;\">Vek<\/h5><p style=''>6 - 12 rokov<\/p><\/div><\/div><\/div>[vc_empty_space height=&#8220;12px&#8220;]<div class='q_icon_with_title medium circle '><div class=\"icon_holder \" style=\" \"><span data-icon-type=\"circle\"   class=\"qode_iwt_icon_holder fa-stack fa-3x  \" style=\"background-color: #f92f2f;\"><i class=\"qode_icon_font_awesome fa fa-clock-o qode_iwt_icon_element\" style=\"color: #ffffff;\" ><\/i><\/span><\/div><div class=\"icon_text_holder\" style=\"\"><div class=\"icon_text_inner\" style=\"\"><h5 class=\"icon_title\" style=\"color: #3d3d3d;\">\u010cas t\u00e1bora<\/h5><p style=''>8:00-16:30 hod.<\/p><\/div><\/div><\/div>[vc_empty_space height=&#8220;12px&#8220;]<div class='q_icon_with_title medium circle '><div class=\"icon_holder \" style=\" \"><span data-icon-type=\"circle\"   class=\"qode_iwt_icon_holder fa-stack fa-3x  \" style=\"background-color: #f92f2f;\"><i class=\"qode_icon_font_awesome fa fa-eur qode_iwt_icon_element\" style=\"color: #ffffff;\" ><\/i><\/span><\/div><div class=\"icon_text_holder\" style=\"\"><div class=\"icon_text_inner\" style=\"\"><h5 class=\"icon_title\" style=\"color: #3d3d3d;\">Cena<\/h5><p style=''>129 \u20ac\/ 5dn\u00ed<\/p><a itemprop='url' class='icon_with_title_link' href=' ' target='_self' style=''> <\/a><\/div><\/div><\/div>[vc_column_text]<\/p>\n<p style=\"padding-left: 120px;\">Zahrnut\u00e9 v\u00a0cene: ka\u017edodenn\u00e9 v\u00fdlety\/ program \/ vstupy \/ doprava MHD + medzimestsk\u00e1 \/ kvalifikovan\u00ed in\u0161truktori \/ desiata \/ obed \/ olovrant \/ pitn\u00fd re\u017eim<\/p>\n<p>[\/vc_column_text][vc_empty_space height=&#8220;12px&#8220;]<div class='q_icon_with_title medium circle '><div class=\"icon_holder \" style=\" \"><span data-icon-type=\"circle\"   class=\"qode_iwt_icon_holder fa-stack fa-3x  \" style=\"background-color: #f92f2f;\"><i class=\"qode_icon_font_awesome fa fa-home qode_iwt_icon_element\" style=\"color: #ffffff;\" ><\/i><\/span><\/div><div class=\"icon_text_holder\" style=\"\"><div class=\"icon_text_inner\" style=\"\"><h5 class=\"icon_title\" style=\"color: #3d3d3d;\">Miesto stretnutia a odovzdania det\u00ed<\/h5><p style=''>Nov\u00e1 Autobusov\u00e1 stanica Mlynsk\u00e9 Nivy - hlavn\u00fd vchod<\/p><a itemprop='url' class='icon_with_title_link' href=' ' target='_self' style=''> <\/a><\/div><\/div><\/div>[\/vc_column][\/vc_row][vc_row css_animation=&#8220;&#8220; row_type=&#8220;row&#8220; use_row_as_full_screen_section=&#8220;no&#8220; type=&#8220;full_width&#8220; angled_section=&#8220;no&#8220; text_align=&#8220;left&#8220; background_image_as_pattern=&#8220;without_pattern&#8220;][vc_column][vc_empty_space][vc_column_text]<\/p>\n<h4>PROGRAM<\/h4>\n<p>[\/vc_column_text][\/vc_column][\/vc_row][vc_row css_animation=&#8220;&#8220; row_type=&#8220;row&#8220; use_row_as_full_screen_section=&#8220;no&#8220; type=&#8220;full_width&#8220; angled_section=&#8220;no&#8220; text_align=&#8220;left&#8220; background_image_as_pattern=&#8220;without_pattern&#8220;][vc_column][vc_separator type=&#8220;normal&#8220; color=&#8220;#f92f2f&#8220;][\/vc_column][\/vc_row][vc_row css_animation=&#8220;&#8220; row_type=&#8220;row&#8220; use_row_as_full_screen_section=&#8220;no&#8220; type=&#8220;full_width&#8220; angled_section=&#8220;no&#8220; text_align=&#8220;left&#8220; background_image_as_pattern=&#8220;without_pattern&#8220;][vc_column][vc_column_text]<\/p>\n<ol>\n<li><strong>DE\u0147 \u2013 Kidshouse\/Academia Universum &#8211; <\/strong>Prv\u00fd de\u0148 si u\u017eijeme zimn\u00e9 hry, r\u00f4zne atrakcie a\u00a0mo\u017eno pr\u00e1cu s cestom v\u00a0Kidshouse. Po chutnom obede sa presunieme do Academia Universum, na miesto, kde n\u00e1s \u010dakaj\u00fa r\u00f4zne hry, tvoriv\u00e9 dielni\u010dky a obrie lego.<\/li>\n<li><strong>DE\u0147 \u2013<\/strong> <b><b>Z\u00e1mok Schlosshof &#8211; <\/b><\/b>Druh\u00fd de\u0148 n\u00e1s \u010dak\u00e1 v\u00fdlet na \u010darovn\u00fd Z\u00e1mok Schlosshof, ktor\u00fd pon\u00faka v\u017edy nov\u00e9 a\u00a0zauj\u00edmav\u00e9 programy pre deti. Okrem toho na n\u00e1s \u010dakaj\u00fa tvoriv\u00e9 dielne, zvieratk\u00e1, z\u00e1bavn\u00e9 aktivity a\u00a0mnoho in\u00fdch atrakci\u00ed.<\/li>\n<li><strong><strong>DE\u0147 \u2013 \u0160kola cukr\u00e1rstva \u2013 <\/strong><\/strong>Tento de\u0148 m\u00e1me namieren\u00e9 do Galanty do dielni\u010diek \u0161ikovnej cukr\u00e1rky, ktor\u00e1 deti nau\u010d\u00ed ozdobova\u0165 p\u00e1rty cupcakes chutn\u00fdm dom\u00e1cim kr\u00e9mom a\u00a0modelovanie postavi\u010diek a\u00a0kvietkov z\u00a0fond\u00e1nu. Po chutnom obede n\u00e1s \u010dak\u00e1 l\u00fa\u0161tenie ind\u00edcii a\u00a0h\u013eadanie skryt\u00e9ho pokladu v\u00a0pren\u00e1dhernom neogotickom ka\u0161tieli.<\/li>\n<li><strong>DE\u0147 \u2013 <\/strong><b><strong>Academia Universum a v\u00fdroba l\u00edzaniek <\/strong>\u2013 <\/b>V\u00a0tento de\u0148 sa nau\u010d\u00edme vyrobi\u0165 chutn\u00e9 dom\u00e1ce n\u00e1tierky. Okrem z\u00e1bavn\u00fdch aktiv\u00edt a\u00a0dielni\u010diek n\u00e1s \u010dak\u00e1 cukrovinkov\u00fd workshop, kde si ka\u017ed\u00e9 die\u0165a m\u00f4\u017ee vyrobi\u0165 svoju vlastn\u00fa l\u00edzanku.<\/li>\n<li><strong>DE\u0147 \u2013 <\/strong><b><strong>Farma Vi\u0161tuk <\/strong>\u2013<\/b>Posledn\u00fd de\u0148 str\u00e1vime na farme Vi\u0161tuk, kde si deti u\u017eij\u00fa farm\u00e1r\u010denie, zvieratk\u00e1 a\u00a0starostlivos\u0165 o ne. Uk\u00e1\u017eeme si \u00a0ako vyzer\u00e1 animoterapia a\u00a0\u017eivot na farme. Tie\u017e si vysk\u00fa\u0161ame r\u00f4zne psychomotorick\u00e9 hry s\u00a0kon\u00edkmi a\u00a0na kon\u00edkoch. Ak stihneme, u\u017eijeme si aj tematick\u00e9 tvoriv\u00e9 dielni\u010dky vo vyk\u00farenom drevenom dom\u010deku.<\/li>\n<\/ol>\n<p>[\/vc_column_text][vc_empty_space][vc_column_text]<\/p>\n<h4>TURNUS<\/h4>\n<p>[\/vc_column_text][vc_separator type=&#8220;normal&#8220; color=&#8220;#f92f2f&#8220;][vc_column_text]<strong>25.02.2019 \u2013 1.3.2019 \u00a0 <\/strong>Obsadenos\u0165:<strong>\u00a0 <span style=\"color: #99cc00;\"><span style=\"color: #ff0000;\"><span style=\"color: #99cc00;\"><span style=\"color: #ff0000;\">IIIIIIIIIIIIIII<\/span>IIIII<\/span>\u00a0\u00a0<\/span><\/span><\/strong>[\/vc_column_text][vc_empty_space][\/vc_column][\/vc_row][vc_row css_animation=&#8220;&#8220; row_type=&#8220;row&#8220; use_row_as_full_screen_section=&#8220;no&#8220; type=&#8220;full_width&#8220; angled_section=&#8220;no&#8220; text_align=&#8220;left&#8220; background_image_as_pattern=&#8220;without_pattern&#8220;][vc_column][vc_column_text]Ak by ste potrebovali \u010fal\u0161ie infom\u00e1cie, nap\u00ed\u0161te n\u00e1m na adresu: <a href=\"mailto:lucia@sampaevents.sk\">lucia@sampaevents.sk<\/a>. Podrobn\u00fd program a in\u0161trukcie V\u00e1m za\u0161leme po prihl\u00e1sen\u00ed die\u0165a\u0165a na t\u00e1bor.[\/vc_column_text][vc_empty_space][\/vc_column][\/vc_row][vc_row css_animation=&#8220;&#8220; row_type=&#8220;row&#8220; use_row_as_full_screen_section=&#8220;no&#8220; type=&#8220;full_width&#8220; angled_section=&#8220;no&#8220; text_align=&#8220;left&#8220; background_image_as_pattern=&#8220;without_pattern&#8220;][vc_column]<a  itemprop=\"url\" href=\"http:\/\/www.supertabory.sk\/index.php\/prihlaska-jarny-tabor\/\" target=\"_self\"  class=\"qbutton  big_large_full_width center default\" style=\"\">PRIHL\u00c1\u0160KA<\/a>[\/vc_column][\/vc_row][vc_row css_animation=&#8220;&#8220; row_type=&#8220;row&#8220; use_row_as_full_screen_section=&#8220;no&#8220; type=&#8220;full_width&#8220; angled_section=&#8220;no&#8220; text_align=&#8220;left&#8220; background_image_as_pattern=&#8220;without_pattern&#8220;][vc_column][vc_empty_space height=&#8220;52px&#8220;][\/vc_column][\/vc_row]<\/p>\n<\/div>","protected":false},"excerpt":{"rendered":"<p>[vc_row css_animation=&#8220;&#8220; row_type=&#8220;row&#8220; use_row_as_full_screen_section=&#8220;no&#8220; type=&#8220;full_width&#8220; angled_section=&#8220;no&#8220; text_align=&#8220;left&#8220; background_image_as_pattern=&#8220;without_pattern&#8220;][vc_column][vc_column_text] Sampovia na potulk\u00e1ch &#8211; jarn\u00fd denn\u00fd t\u00e1bor [\/vc_column_text][vc_empty_space height=&#8220;22px&#8220;][vc_column_text] \u010carovn\u00fd z\u00e1mok, animoterapia, farm\u00e1r\u010denie, hra na cukr\u00e1rov, h\u013eadanie pokladu, z\u00e1bavn\u00e9 hry a tvoriv\u00e9 dielni\u010dky \u2026 Jarn\u00fd t\u00e1bor n\u00e1m onedlho zaklope na dvere, tak\u017ee budeme radi, ke\u010f sa spolu&#8230;<\/p>\n","protected":false},"author":1,"featured_media":0,"parent":0,"menu_order":0,"comment_status":"closed","ping_status":"closed","template":"","meta":{"footnotes":""},"class_list":["post-15620","page","type-page","status-publish","hentry"],"_links":{"self":[{"href":"https:\/\/www.supertabory.sk\/index.php\/wp-json\/wp\/v2\/pages\/15620","targetHints":{"allow":["GET"]}}],"collection":[{"href":"https:\/\/www.supertabory.sk\/index.php\/wp-json\/wp\/v2\/pages"}],"about":[{"href":"https:\/\/www.supertabory.sk\/index.php\/wp-json\/wp\/v2\/types\/page"}],"author":[{"embeddable":true,"href":"https:\/\/www.supertabory.sk\/index.php\/wp-json\/wp\/v2\/users\/1"}],"replies":[{"embeddable":true,"href":"https:\/\/www.supertabory.sk\/index.php\/wp-json\/wp\/v2\/comments?post=15620"}],"version-history":[{"count":0,"href":"https:\/\/www.supertabory.sk\/index.php\/wp-json\/wp\/v2\/pages\/15620\/revisions"}],"wp:attachment":[{"href":"https:\/\/www.supertabory.sk\/index.php\/wp-json\/wp\/v2\/media?parent=15620"}],"curies":[{"name":"wp","href":"https:\/\/api.w.org\/{rel}","templated":true}]}}