{"id":14869,"date":"2014-05-20T07:51:11","date_gmt":"2014-05-20T07:51:11","guid":{"rendered":"http:\/\/demo.qodeinteractive.com\/bridge66\/?page_id=14869"},"modified":"2026-03-16T15:38:54","modified_gmt":"2026-03-16T14:38:54","slug":"detsky-denny-cyklo-tabor","status":"publish","type":"page","link":"https:\/\/www.supertabory.sk\/","title":{"rendered":"Home"},"content":{"rendered":"<div class=\"wpb-content-wrapper\"><p>[vc_row css_animation=&#8220;&#8220; row_type=&#8220;row&#8220; use_row_as_full_screen_section=&#8220;yes&#8220; type=&#8220;full_width&#8220; header_style=&#8220;light&#8220; angled_section=&#8220;yes&#8220; angled_section_position=&#8220;both&#8220; angled_section_direction=&#8220;from_right_to_left&#8220; text_align=&#8220;center&#8220; background_image_as_pattern=&#8220;without_pattern&#8220; z_index=&#8220;&#8220;][vc_column]<div class='q_icon_with_title tiny normal_icon center '><div class=\"icon_holder \" style=\" \"><span data-icon-type=\"normal\"   style=\"\" class=\"qode_iwt_icon_holder q_font_awsome_icon fa-lg  \"><i class=\"qode_icon_font_awesome fa fa-info qode_iwt_icon_element\" style=\"\" ><\/i><\/span><\/div><div class=\"icon_text_holder\" style=\"\"><div class=\"icon_text_inner\" style=\"\"><h5 class=\"icon_title\" style=\"\">Mil\u00ed rodi\u010dia, po\u010das leta 2026 \u017eia\u013e z kapacitn\u00fdch d\u00f4vodov t\u00e1bory pre verejnos\u0165 organizova\u0165 nebudeme! \u010eakujeme za pochopenie.<\/h5><p style=''><\/p><\/div><\/div><\/div>[\/vc_column][\/vc_row][vc_row css_animation=&#8220;&#8220; row_type=&#8220;row&#8220; use_row_as_full_screen_section=&#8220;no&#8220; type=&#8220;grid&#8220; anchor=&#8220;tabory&#8220; angled_section=&#8220;no&#8220; text_align=&#8220;left&#8220; background_image_as_pattern=&#8220;without_pattern&#8220; padding_top=&#8220;124&#8243; padding_bottom=&#8220;37&#8243; z_index=&#8220;&#8220;][vc_column width=&#8220;1\/2&#8243;][vc_single_image image=&#8220;17069&#8243; img_size=&#8220;full&#8220; alignment=&#8220;center&#8220; style=&#8220;vc_box_shadow_3d&#8220; onclick=&#8220;custom_link&#8220; qode_css_animation=&#8220;&#8220; link=&#8220;http:\/\/www.supertabory.sk\/index.php\/sampovia-vyletnici\/&#8220;][vc_separator type=&#8220;transparent&#8220; up=&#8220;24&#8243; down=&#8220;0&#8243;][vc_column_text]<\/p>\n<h5 style=\"text-align: center;\">Sampovia v\u00fdletn\u00edci<\/h5>\n<h5 style=\"text-align: center;\">Letn\u00fd t\u00e1bor<\/h5>\n<p>[\/vc_column_text][vc_separator type=&#8220;normal&#8220; up=&#8220;5&#8243; down=&#8220;19&#8243;][vc_column_text css=&#8220;&#8220;]Nov\u00e9 v\u00fdlety a tajomstv\u00e1. Z\u00e1mok Schlosshof, Tvory, potvory a in\u00e9 bytosti, Ran\u010d Roz\u00e1lka a Roz\u00e1lkovo, splav Mal\u00e9ho Dunaja, Tajomstvo Rimanov a h\u013eadanie straten\u00e9ho pokladu.[\/vc_column_text][vc_separator type=&#8220;transparent&#8220; up=&#8220;13&#8243; down=&#8220;0&#8243;]<div class=\"custom_font_holder\" style=\"font-family: Open Sans; font-size: 13px; line-height: 36px; font-style: normal; font-weight: 400; text-decoration: none; letter-spacing: 1px; text-align: left;\"><a href=\"http:\/\/www.supertabory.sk\/index.php\/sampovia-vyletnici\/\">VIAC INFO<\/a><\/div>[vc_separator type=&#8220;transparent&#8220; up=&#8220;49&#8243; down=&#8220;0&#8243;][\/vc_column][vc_column width=&#8220;1\/2&#8243;][vc_single_image image=&#8220;19234&#8243; img_size=&#8220;full&#8220; alignment=&#8220;center&#8220; style=&#8220;vc_box_shadow_3d&#8220; onclick=&#8220;custom_link&#8220; qode_css_animation=&#8220;&#8220; link=&#8220;http:\/\/www.supertabory.sk\/index.php\/sampovia-na-bicykloch\/&#8220;][vc_separator type=&#8220;transparent&#8220; up=&#8220;24&#8243; down=&#8220;0&#8243;][vc_column_text]<\/p>\n<h5 style=\"text-align: center;\">Sampovia na bicykloch<\/h5>\n<h5 style=\"text-align: center;\">Letn\u00fd cyklot\u00e1bor<\/h5>\n<p>[\/vc_column_text][vc_separator type=&#8220;normal&#8220; up=&#8220;5&#8243; down=&#8220;19&#8243;][vc_column_text css=&#8220;&#8220;]Malodunajsk\u00e1 cyklotrasa, Zelen\u00e1 voda, \u010cunovo a cyklokompa, Aquapark Senec, Hainburgsk\u00e1 cyklotrasa a k\u00fapalisko Bergbad, Dev\u00edn a Moravsk\u00e9 mosty &#8230; nov\u00e9 aj ob\u013e\u00faben\u00e9 miesta a s\u00fa\u0165a\u017e o NAJ cyklistu![\/vc_column_text][vc_separator type=&#8220;transparent&#8220; up=&#8220;13&#8243; down=&#8220;0&#8243;]<div class=\"custom_font_holder\" style=\"font-family: Open Sans; font-size: 13px; line-height: 36px; font-style: normal; font-weight: 400; text-decoration: none; letter-spacing: 1px; text-align: left;\"><a href=\"http:\/\/www.supertabory.sk\/index.php\/sampovia-na-bicykloch\/\">VIAC INFO<\/a><\/div>[vc_separator type=&#8220;transparent&#8220; up=&#8220;49&#8243; down=&#8220;0&#8243;][\/vc_column][\/vc_row][vc_row css_animation=&#8220;&#8220; row_type=&#8220;row&#8220; use_row_as_full_screen_section=&#8220;no&#8220; type=&#8220;full_width&#8220; anchor=&#8220;onas&#8220; angled_section=&#8220;no&#8220; text_align=&#8220;left&#8220; background_image_as_pattern=&#8220;without_pattern&#8220; z_index=&#8220;&#8220;][vc_column][vc_column_text]<\/p>\n<h5 style=\"text-align: center;\">Super t\u00e1bory pre V\u00e1s organizuje Sampa Events \u2665<\/h5>\n<p>[\/vc_column_text][vc_separator type=&#8220;normal&#8220; color=&#8220;#f92f2f&#8220;][vc_column_text]<\/p>\n<p style=\"text-align: center;\">Sme eventov\u00e1 agent\u00fara, ktor\u00e1 organizuje detsk\u00e9 denn\u00e9 t\u00e1bory. Chceme, aby sa deti u\u00a0n\u00e1s c\u00edtili dobre, aby sa zabavili a\u00a0odniesli si z\u00e1\u017eitok. Program vyber\u00e1me ako keby sme sami boli deti. Na\u0161\u00edm cie\u013eom je, aby deti mohli za\u017ei\u0165 k\u00fasok detstva ako sme ho poznali my\u00a0 &#8211;\u00a0 v\u00a0pr\u00edrode, v pohybe, s\u00a0kamar\u00e1tmi a bez mobilov. Sme t\u00edm, ktor\u00fd m\u00e1 r\u00e1d pr\u00e1cu s de\u0165mi a na\u0161a pr\u00e1ca n\u00e1s ve\u013emi bav\u00ed. Sme s vami u\u017e jeden\u00e1s\u0165 rokov.<\/p>\n<p>[\/vc_column_text][\/vc_column][\/vc_row][vc_row css_animation=&#8220;&#8220; row_type=&#8220;row&#8220; use_row_as_full_screen_section=&#8220;no&#8220; type=&#8220;full_width&#8220; angled_section=&#8220;no&#8220; text_align=&#8220;left&#8220; background_image_as_pattern=&#8220;without_pattern&#8220;][vc_column][vc_empty_space height=&#8220;50px&#8220;][vc_gallery type=&#8220;image_grid&#8220; images=&#8220;15572,15571,15576,15581,15578,15579&#8243; column_number=&#8220;6&#8243; grayscale=&#8220;no&#8220; images_space=&#8220;gallery_without_space&#8220;][vc_gallery type=&#8220;image_grid&#8220; images=&#8220;15580,15577,15582,15573,15575,15574&#8243; column_number=&#8220;6&#8243; grayscale=&#8220;no&#8220; images_space=&#8220;gallery_without_space&#8220;][\/vc_column][\/vc_row][vc_row css_animation=&#8220;&#8220; row_type=&#8220;row&#8220; use_row_as_full_screen_section=&#8220;no&#8220; type=&#8220;full_width&#8220; angled_section=&#8220;no&#8220; text_align=&#8220;left&#8220; background_image_as_pattern=&#8220;without_pattern&#8220;][vc_column]<div class='testimonials_c_holder clearfix dark'><div class=\"testimonials_c testimonials_c_carousel\" data-show-navigation=\"yes\" data-animation-speed=\"\" data-auto-rotate-slides=\"15\" data-number-per-slide=\"1\"><ul class=\"slides\"><li id=\"testimonials-c-16414\" class=\"testimonial_content\"><div class=\"testimonial_content_inner\"><div class=\"testimonial_text_holder\"><div class=\"testimonial_text_inner\" style=\"\"><p>Chceme sa V\u00e1m po\u010fakova\u0165 za minul\u00fd t\u00fd\u017ede\u0148. Tamarke sa to ve\u013emi p\u00e1\u010dilo a pr\u00e1zdniny si u\u017eila. Mala to\u013eko z\u00e1\u017eitkov, \u017ee dokonca rozpr\u00e1vala zo sna. \ud83d\ude42<\/p><p class=\"testimonial_author\" style=\"\">Mama Tamara<\/p><\/div><\/div><\/div><\/li><li id=\"testimonials-c-15824\" class=\"testimonial_content\"><div class=\"testimonial_content_inner\"><div class=\"testimonial_text_holder\"><div class=\"testimonial_text_inner\" style=\"\"><p>Lucka, dobr\u00fd de\u0148 prajem. \r\n\r\nNajsk\u00f4r sa V\u00e1m chcem po\u010fakova\u0165 za \u00fa\u017easn\u00fd pr\u00edstup, perfektn\u00fd program a ve\u013emi kvalitn\u00e9 denn\u00e9 t\u00e1bory, ktor\u00fdch sa na\u0161a dc\u00e9ra opakovane z\u00fa\u010dastnila (Sampovia v\u00fdletnici a Sampovia na bicykli) a aj tento rok sa m\u00e1 v pl\u00e1ne z\u00fa\u010dastni\u0165. \r\nVrelo odpor\u00fa\u010dam!!<\/p><p class=\"testimonial_author\" style=\"\">Mama Katar\u00edna<\/p><\/div><\/div><\/div><\/li><li id=\"testimonials-c-15595\" class=\"testimonial_content\"><div class=\"testimonial_content_inner\"><div class=\"testimonial_text_holder\"><div class=\"testimonial_text_inner\" style=\"\"><p>S t\u00e1borom V\u00fdletn\u00edci sme boli 100% spokojn\u00ed tak deti ako aj rodi\u010dia. Na deti \u010dakal ka\u017ed\u00fd de\u0148 nov\u00fd a ve\u013emi atrakt\u00edvny program, mil\u00ed in\u0161truktori a primeran\u00e1 skupina kamar\u00e1tov. Z rodi\u010dovskej perspekt\u00edvy oce\u0148ujem hlavne v\u00fdborn\u00fa organiza\u010dn\u00fa str\u00e1nku, zabezpe\u010denie pitn\u00e9ho re\u017eimu a v neposlednom rade \u00fa\u017easn\u00fa priate\u013esk\u00fa atmosf\u00e9ru. Bud\u00faci rok ideme znovu :).<\/p><p class=\"testimonial_author\" style=\"\">Mama Katka<\/p><\/div><\/div><\/div><\/li><li id=\"testimonials-c-16101\" class=\"testimonial_content\"><div class=\"testimonial_content_inner\"><div class=\"testimonial_text_holder\"><div class=\"testimonial_text_inner\" style=\"\"><p>Jakub bude s vami tr\u00e1vi\u0165 u\u017e tretie leto, lebo ste super a rob\u00edte to ve\u013emi dobre.<\/p><p class=\"testimonial_author\" style=\"\">Mama Zuzana<\/p><\/div><\/div><\/div><\/li><li id=\"testimonials-c-15593\" class=\"testimonial_content\"><div class=\"testimonial_content_inner\"><div class=\"testimonial_text_holder\"><div class=\"testimonial_text_inner\" style=\"\"><p>V j\u00fali 2016 sa m\u00f4j syn Daniel z\u00fa\u010dastnil detsk\u00e9ho denn\u00e9ho t\u00e1bora Sampovia v\u00fdletnici. Program, celkov\u00e1 organiz\u00e1cia a pr\u00edstup Lucie Zalubelovej k de\u0165om bol perfektn\u00fd. Ja osobne ve\u013emi oce\u0148ujem n\u00e1pad, \u010do sa t\u00fdka programu, deti po\u010das 5 dn\u00ed nav\u0161t\u00edvili farmu, pre\u0161li sa opi\u010dou dr\u00e1hou, k\u00fapali sa na k\u00fapalisku, splavili Mal\u00fd Dunaj\u2026 za\u017eili ve\u013ea zauj\u00edmav\u00e9ho. Synovi najviac utkvela v pam\u00e4ti Tarz\u00e1nia v Dev\u00ednskej Novej Vsi, ale celkove bol nadmieru spokojn\u00fd. Ur\u010dite zatia\u013e najlep\u0161ia vo\u013eba t\u00e1bora na leto.\r\nE\u0161te raz \u010fakujem a prajem e\u0161te kr\u00e1sne leto.<\/p><p class=\"testimonial_author\" style=\"\">Tatko Pavol<\/p><\/div><\/div><\/div><\/li><li id=\"testimonials-c-15594\" class=\"testimonial_content\"><div class=\"testimonial_content_inner\"><div class=\"testimonial_text_holder\"><div class=\"testimonial_text_inner\" style=\"\"><p>Dobry de\u0148 \u2026 chceli by sme sa po\u010fakova\u0165 za skvel\u00fd t\u00e1bor, bolo \u00fa\u017easne, te\u0161\u00edme sa na rok zase :- ).<\/p><p class=\"testimonial_author\" style=\"\">Mama Monika<\/p><\/div><\/div><\/div><\/li><li id=\"testimonials-c-15592\" class=\"testimonial_content\"><div class=\"testimonial_content_inner\"><div class=\"testimonial_text_holder\"><div class=\"testimonial_text_inner\" style=\"\"><p>Pekn\u00fd de\u0148 pani Zalubelov\u00e1 Lucka,\r\nke\u010f\u017ee minul\u00fd rok bol pre Alana nezabudnute\u013en\u00fd som stra\u0161ne rada, \u017ee sa n\u00e1m podarilo rezervova\u0165 term\u00edn pr\u00e1ve u V\u00e1s. Chcem sa e\u0161te po\u010fakova\u0165 za ochotu uplatnenia z\u013eavy ako zamestnanec V\u00daB banky.\r\nAby ste vedeli Alan sa stra\u0161ne te\u0161\u00ed na v\u00fdlety a nevie sa u\u017e do\u010dka\u0165 \u2026 u\u017e aby boli pr\u00e1zdniny. \ud83d\ude42 Ver\u00edm, \u017ee program bude pestr\u00fd ako minul\u00fd rok a Ja sa budem te\u0161i\u0165 na jeho z\u00e1\u017eitky. \ud83d\ude42<\/p><p class=\"testimonial_author\" style=\"\">Mama Veronika<\/p><\/div><\/div><\/div><\/li><li id=\"testimonials-c-15591\" class=\"testimonial_content\"><div class=\"testimonial_content_inner\"><div class=\"testimonial_text_holder\"><div class=\"testimonial_text_inner\" style=\"\"><p>Veronika bola ve\u013emi spokojn\u00e1 s t\u00e1borom. I napriek tomu, \u017ee patrili baby k najstar\u0161\u00edm, aktivity a program ju ve\u013emi zaujal a p\u00e1\u010dil sa jej. Bolo vidie\u0165 spokojnos\u0165 det\u00ed ako aj to, \u017ee si v\u00e1s naozaj ob\u013e\u00fabili.\r\nAko rodi\u010d V\u00e1m chcem po\u010fakova\u0165 za program, starostlivos\u0165. Bol to naozaj super t\u00e1bor a t\u00fd\u017ede\u0148.\r\n\u017del\u00e1m ve\u013ea \u00faspechov.<\/p><p class=\"testimonial_author\" style=\"\">Mama Vierka<\/p><\/div><\/div><\/div><\/li><li id=\"testimonials-c-15590\" class=\"testimonial_content\"><div class=\"testimonial_content_inner\"><div class=\"testimonial_text_holder\"><div class=\"testimonial_text_inner\" style=\"\"><p>Z na\u0161ej strany bola ve\u013ek\u00e1 spokojnos\u0165, baby sa v\u017edy te\u0161ili na \u010fal\u0161\u00ed  nov\u00fd v\u00fdlet (aj ke\u010f mlad\u0161ia dc\u00e9ra vyzerala v\u017edy r\u00e1no smutn\u00e1, tak ve\u010der bola v\u017edy ve\u013emi nad\u0161en\u00e1). V\u00fdlety boli zauj\u00edmav\u00e9 a aj ke\u010f boli trochu pochybnosti ako deti zvl\u00e1dnu pres\u00favanie v hor\u00fa\u010dav\u00e1ch, tak nakoniec v\u0161etko dobre dopadlo. Super team, organiz\u00e1cia a v neposlednom rade kr\u00e1sne fotky ako spomienka na n\u00e1\u0161 ,,prv\u00fd denn\u00fd t\u00e1bor.\u201d  Prajem v\u00e1m ve\u013ea \u010fal\u0161\u00edch V\u00fdletn\u00edkov!<\/p><p class=\"testimonial_author\" style=\"\">Mama Aneta<\/p><\/div><\/div><\/div><\/li><\/ul><\/div><\/div>[\/vc_column][\/vc_row][vc_row css_animation=&#8220;&#8220; row_type=&#8220;row&#8220; use_row_as_full_screen_section=&#8220;no&#8220; type=&#8220;grid&#8220; anchor=&#8220;nastim&#8220; angled_section=&#8220;no&#8220; text_align=&#8220;left&#8220; background_image_as_pattern=&#8220;without_pattern&#8220; padding_top=&#8220;86&#8243; padding_bottom=&#8220;50&#8243; z_index=&#8220;&#8220;][vc_column][vc_column_text]<\/p>\n<h3 style=\"text-align: center;\">N\u00e1\u0161 t\u00edm<\/h3>\n<p>[\/vc_column_text][vc_separator type=&#8220;transparent&#8220; up=&#8220;29&#8243; down=&#8220;0&#8243;][vc_row_inner row_type=&#8220;row&#8220; type=&#8220;full_width&#8220; text_align=&#8220;left&#8220; css_animation=&#8220;&#8220;][vc_column_inner width=&#8220;1\/3&#8243;][vc_single_image image=&#8220;15720&#8243; img_size=&#8220;medium&#8220; alignment=&#8220;center&#8220; qode_css_animation=&#8220;&#8220;][vc_separator type=&#8220;transparent&#8220; up=&#8220;20&#8243; down=&#8220;0&#8243;][vc_column_text]<\/p>\n<h5 style=\"text-align: center;\">Lucia Zalubelov\u00e1<\/h5>\n<p>[\/vc_column_text][vc_separator type=&#8220;normal&#8220; up=&#8220;5&#8243; down=&#8220;19&#8243;][vc_column_text]<\/p>\n<p style=\"text-align: center;\">Hlavn\u00e1 ved\u00faca a z\u00e1rove\u0148 organiz\u00e1torka detsk\u00fdch denn\u00fdch t\u00e1borov.<\/p>\n<p>[\/vc_column_text][vc_separator type=&#8220;transparent&#8220; up=&#8220;10&#8243; down=&#8220;0&#8243;][vc_separator type=&#8220;transparent&#8220; up=&#8220;56&#8243; down=&#8220;0&#8243;][\/vc_column_inner][vc_column_inner width=&#8220;1\/3&#8243;][vc_single_image image=&#8220;15731&#8243; img_size=&#8220;medium&#8220; alignment=&#8220;center&#8220; qode_css_animation=&#8220;&#8220;][vc_separator type=&#8220;transparent&#8220; up=&#8220;20&#8243; down=&#8220;0&#8243;][vc_column_text]<\/p>\n<h5 style=\"text-align: center;\">Zuzka Cingelov\u00e1<\/h5>\n<p>[\/vc_column_text][vc_separator type=&#8220;normal&#8220; up=&#8220;5&#8243; down=&#8220;19&#8243;][vc_column_text]<\/p>\n<p style=\"text-align: center;\">Starostliv\u00e1 pani u\u010dite\u013eka s pozit\u00edvnym vz\u0165ahom k de\u0165om.<\/p>\n<p>[\/vc_column_text][vc_separator type=&#8220;transparent&#8220; up=&#8220;10&#8243; down=&#8220;0&#8243;][vc_separator type=&#8220;transparent&#8220; up=&#8220;56&#8243; down=&#8220;0&#8243;][\/vc_column_inner][vc_column_inner width=&#8220;1\/3&#8243;][vc_single_image image=&#8220;15727&#8243; img_size=&#8220;medium&#8220; alignment=&#8220;center&#8220; qode_css_animation=&#8220;&#8220;][vc_separator type=&#8220;transparent&#8220; up=&#8220;20&#8243; down=&#8220;0&#8243;][vc_column_text]<\/p>\n<h5 style=\"text-align: center;\">Tono Balucha<\/h5>\n<p>[\/vc_column_text][vc_separator type=&#8220;normal&#8220; up=&#8220;5&#8243; down=&#8220;19&#8243;][vc_column_text]<\/p>\n<p style=\"text-align: center;\">V lete sa vid\u00edme na bajku a na splave.<\/p>\n<p>[\/vc_column_text][vc_separator type=&#8220;transparent&#8220; up=&#8220;10&#8243; down=&#8220;0&#8243;][vc_separator type=&#8220;transparent&#8220; up=&#8220;56&#8243; down=&#8220;0&#8243;][\/vc_column_inner][\/vc_row_inner][\/vc_column][\/vc_row]<\/p>\n<\/div>","protected":false},"excerpt":{"rendered":"<p>[vc_row css_animation=&#8220;&#8220; row_type=&#8220;row&#8220; use_row_as_full_screen_section=&#8220;yes&#8220; type=&#8220;full_width&#8220; header_style=&#8220;light&#8220; angled_section=&#8220;yes&#8220; angled_section_position=&#8220;both&#8220; angled_section_direction=&#8220;from_right_to_left&#8220; text_align=&#8220;center&#8220; background_image_as_pattern=&#8220;without_pattern&#8220; z_index=&#8220;&#8220;][vc_column][\/vc_column][\/vc_row][vc_row css_animation=&#8220;&#8220; row_type=&#8220;row&#8220; use_row_as_full_screen_section=&#8220;no&#8220; type=&#8220;grid&#8220; anchor=&#8220;tabory&#8220; angled_section=&#8220;no&#8220; text_align=&#8220;left&#8220; background_image_as_pattern=&#8220;without_pattern&#8220; padding_top=&#8220;124&#8243; padding_bottom=&#8220;37&#8243; z_index=&#8220;&#8220;][vc_column width=&#8220;1\/2&#8243;][vc_single_image image=&#8220;17069&#8243; img_size=&#8220;full&#8220; alignment=&#8220;center&#8220; style=&#8220;vc_box_shadow_3d&#8220; onclick=&#8220;custom_link&#8220; qode_css_animation=&#8220;&#8220; link=&#8220;http:\/\/www.supertabory.sk\/index.php\/sampovia-vyletnici\/&#8220;][vc_separator type=&#8220;transparent&#8220; up=&#8220;24&#8243; down=&#8220;0&#8243;][vc_column_text] Sampovia v\u00fdletn\u00edci Letn\u00fd t\u00e1bor [\/vc_column_text][vc_separator type=&#8220;normal&#8220; up=&#8220;5&#8243; down=&#8220;19&#8243;][vc_column_text css=&#8220;&#8220;]Nov\u00e9 v\u00fdlety a&#8230;<\/p>\n","protected":false},"author":1,"featured_media":0,"parent":0,"menu_order":0,"comment_status":"open","ping_status":"open","template":"","meta":{"footnotes":""},"class_list":["post-14869","page","type-page","status-publish","hentry"],"_links":{"self":[{"href":"https:\/\/www.supertabory.sk\/index.php\/wp-json\/wp\/v2\/pages\/14869","targetHints":{"allow":["GET"]}}],"collection":[{"href":"https:\/\/www.supertabory.sk\/index.php\/wp-json\/wp\/v2\/pages"}],"about":[{"href":"https:\/\/www.supertabory.sk\/index.php\/wp-json\/wp\/v2\/types\/page"}],"author":[{"embeddable":true,"href":"https:\/\/www.supertabory.sk\/index.php\/wp-json\/wp\/v2\/users\/1"}],"replies":[{"embeddable":true,"href":"https:\/\/www.supertabory.sk\/index.php\/wp-json\/wp\/v2\/comments?post=14869"}],"version-history":[{"count":41,"href":"https:\/\/www.supertabory.sk\/index.php\/wp-json\/wp\/v2\/pages\/14869\/revisions"}],"predecessor-version":[{"id":21332,"href":"https:\/\/www.supertabory.sk\/index.php\/wp-json\/wp\/v2\/pages\/14869\/revisions\/21332"}],"wp:attachment":[{"href":"https:\/\/www.supertabory.sk\/index.php\/wp-json\/wp\/v2\/media?parent=14869"}],"curies":[{"name":"wp","href":"https:\/\/api.w.org\/{rel}","templated":true}]}}